{"id":63,"date":"2014-08-29T08:00:40","date_gmt":"2014-08-29T08:00:40","guid":{"rendered":"http:\/\/wp\/?page_id=63"},"modified":"2023-09-29T13:25:12","modified_gmt":"2023-09-29T13:25:12","slug":"about","status":"publish","type":"page","link":"https:\/\/klein-reitstall-wernau.de\/?page_id=63","title":{"rendered":"\u00dcber uns"},"content":{"rendered":"<div id='av_section_1'  class='avia-section main_color avia-section-default avia-no-border-styling  avia-bg-style-scroll  avia-builder-el-0  el_before_av_hr  avia-builder-el-first   av-arrow-down-section container_wrap sidebar_right' style='background-color: #429b3e;  '  ><div class='container' ><main  role=\"main\" itemprop=\"mainContentOfPage\"  class='template-page content  av-content-small alpha units'><div class='post-entry post-entry-type-page post-entry-63'><div class='entry-content-wrapper clearfix'>\n<div  style='padding-bottom:30px; color:#ffffff;' class='av-special-heading av-special-heading-h1 custom-color-heading blockquote modern-quote  avia-builder-el-1  avia-builder-el-no-sibling  '><h1 class='av-special-heading-tag '  itemprop=\"headline\"  >Wir \u00fcber uns:<\/h1><div class ='av-subheading av-subheading_below av_custom_color ' style='font-size:15px;'><p>Wir sind ein Familienbetrieb der aus Leidenschaft zur Landwirtschaft gef\u00fchrt wird. Zur haupts\u00e4chlichen Pferdepension z\u00e4hlt ebenso noch unsere Scheinehaltung, ein Werkstattbetrieb f\u00fcr Motorr\u00e4der und nat\u00fcrlich die Landwirtschaft mit ca. 80ha bewirtschafteter Fl\u00e4che, auf der wir 90% unseres Futters und Einstreu f\u00fcr alle Tierarten auf dem Hof erzeugen.<\/p>\n<\/div><div class='special-heading-border'><div class='special-heading-inner-border' style='border-color:#ffffff'><\/div><\/div><\/div>\n<\/div><\/div><\/main><!-- close content main element --><\/div><div class='av-extra-border-element border-extra-arrow-down'><div class='av-extra-border-outer'><div class='av-extra-border-inner'  style='background-color:#429b3e;' ><\/div><\/div><\/div><\/div><div id='after_section_1'  class='main_color av_default_container_wrap container_wrap sidebar_right' style=' '  ><div class='container' ><div class='template-page content  av-content-small alpha units'><div class='post-entry post-entry-type-page post-entry-63'><div class='entry-content-wrapper clearfix'><div  style='height:20px' class='hr hr-invisible   avia-builder-el-2  el_after_av_section  el_before_av_layout_row  avia-builder-el-no-sibling '><span class='hr-inner ' ><span class='hr-inner-style'><\/span><\/span><\/div><\/p>\n<\/div><\/div><\/div><!-- close content main div --><\/div><\/div><div id='av-layout-grid-1'  class='av-layout-grid-container entry-content-wrapper main_color av-flex-cells     avia-builder-el-3  el_after_av_hr  el_before_av_section  av-cell-min-height av-cell-min-height-25 submenu-not-first container_wrap sidebar_right' style=' '   data-av_minimum_height_pc='25'>\n<div class=\"flex_cell no_margin av_one_third  avia-builder-el-4  el_before_av_cell_one_third  avia-builder-el-first   \"  style='vertical-align:middle; padding:30px; ' ><div class='flex_cell_inner' ><div   data-size='medium'  data-lightbox_size='large'  data-animation='fade'  data-transition_speed='600'  data-conditional_play=''  data-ids='699,704'  data-video_counter='0'  data-autoplay='true'  data-bg_slider='false'  data-slide_height=''  data-handle='av_slideshow'  data-interval='5'  data-class=' avia-builder-el-5  avia-builder-el-no-sibling   avia-small-width-slider avia-super-small-width-slider'  data-el_id=''  data-css_id=''  data-scroll_down=''  data-control_layout='av-control-default'  data-custom_markup=''  data-perma_caption=''  data-autoplay_stopper=''  data-image_attachment=''  data-min_height='0px'  class='avia-slideshow avia-slideshow-1  av-control-default av-default-height-applied avia-slideshow-medium av_slideshow  avia-builder-el-5  avia-builder-el-no-sibling   avia-small-width-slider avia-super-small-width-slider avia-fade-slider '  itemprop=\"image\" itemscope=\"itemscope\" itemtype=\"https:\/\/schema.org\/ImageObject\" ><ul class='avia-slideshow-inner ' style='padding-bottom: 66.666666666667%;' ><li  class=' slide-1 ' ><div data-rel='slideshow-1' class='avia-slide-wrap '   ><img src='https:\/\/klein-reitstall-wernau.de\/wp-content\/uploads\/2023\/09\/Bild-109-300x200.jpg' width='300' height='200' title='Bild 109' alt=''  itemprop=\"thumbnailUrl\"   \/><\/div><\/li><li  class=' slide-2 ' ><div data-rel='slideshow-1' class='avia-slide-wrap '   ><img src='https:\/\/klein-reitstall-wernau.de\/wp-content\/uploads\/2023\/09\/Bild-132-300x200.jpg' width='300' height='200' title='Bild 132' alt=''  itemprop=\"thumbnailUrl\"   \/><\/div><\/li><\/ul><div class='avia-slideshow-arrows avia-slideshow-controls'><a href='#prev' class='prev-slide' aria-hidden='true' data-av_icon='\ue87c' data-av_iconfont='entypo-fontello'>Zur\u00fcck<\/a><a href='#next' class='next-slide' aria-hidden='true' data-av_icon='\ue87d' data-av_iconfont='entypo-fontello'>Weiter<\/a><\/div><div class='avia-slideshow-dots avia-slideshow-controls'><a href='#1' class='goto-slide active' >1<\/a><a href='#2' class='goto-slide ' >2<\/a><\/div><\/div>\n<\/div><\/div><div class=\"flex_cell no_margin av_one_third  avia-builder-el-6  el_after_av_cell_one_third  el_before_av_cell_one_third   \"  style='vertical-align:middle; padding:30px; ' ><div class='flex_cell_inner' ><div   data-size='medium'  data-lightbox_size='large'  data-animation='fade'  data-transition_speed='300'  data-conditional_play=''  data-ids='700,701,702,703,706'  data-video_counter='0'  data-autoplay='true'  data-bg_slider='false'  data-slide_height=''  data-handle='av_slideshow'  data-interval='5'  data-class=' avia-builder-el-7  avia-builder-el-no-sibling   avia-small-width-slider avia-super-small-width-slider'  data-el_id=''  data-css_id=''  data-scroll_down=''  data-control_layout='av-control-default'  data-custom_markup=''  data-perma_caption=''  data-autoplay_stopper=''  data-image_attachment=''  data-min_height='0px'  class='avia-slideshow avia-slideshow-2  av-control-default av-default-height-applied avia-slideshow-medium av_slideshow  avia-builder-el-7  avia-builder-el-no-sibling   avia-small-width-slider avia-super-small-width-slider avia-fade-slider '  itemprop=\"image\" itemscope=\"itemscope\" itemtype=\"https:\/\/schema.org\/ImageObject\" ><ul class='avia-slideshow-inner ' style='padding-bottom: 75%;' ><li  class=' slide-1 ' ><div data-rel='slideshow-2' class='avia-slide-wrap '   ><img src='https:\/\/klein-reitstall-wernau.de\/wp-content\/uploads\/2023\/09\/20191011_163858-300x225.jpg' width='300' height='225' title='20191011_163858' alt=''  itemprop=\"thumbnailUrl\"   \/><\/div><\/li><li  class=' slide-2 ' ><div data-rel='slideshow-2' class='avia-slide-wrap '   ><img src='https:\/\/klein-reitstall-wernau.de\/wp-content\/uploads\/2023\/09\/20191023_132-300x225.jpg' width='300' height='225' title='20191023_132' alt=''  itemprop=\"thumbnailUrl\"   \/><\/div><\/li><li  class=' slide-3 ' ><div data-rel='slideshow-2' class='avia-slide-wrap '   ><img src='https:\/\/klein-reitstall-wernau.de\/wp-content\/uploads\/2023\/09\/20190412_115531-300x225.jpg' width='300' height='225' title='20190412_115531' alt=''  itemprop=\"thumbnailUrl\"   \/><\/div><\/li><li  class=' slide-4 ' ><div data-rel='slideshow-2' class='avia-slide-wrap '   ><img src='https:\/\/klein-reitstall-wernau.de\/wp-content\/uploads\/2023\/09\/20180714_205209-300x225.jpg' width='300' height='225' title='20180714_205209' alt=''  itemprop=\"thumbnailUrl\"   \/><\/div><\/li><li  class=' slide-5 ' ><div data-rel='slideshow-2' class='avia-slide-wrap '   ><img src='https:\/\/klein-reitstall-wernau.de\/wp-content\/uploads\/2023\/09\/20180603_183131-300x169.jpg' width='300' height='169' title='20180603_183131' alt=''  itemprop=\"thumbnailUrl\"   \/><\/div><\/li><\/ul><div class='avia-slideshow-arrows avia-slideshow-controls'><a href='#prev' class='prev-slide' aria-hidden='true' data-av_icon='\ue87c' data-av_iconfont='entypo-fontello'>Zur\u00fcck<\/a><a href='#next' class='next-slide' aria-hidden='true' data-av_icon='\ue87d' data-av_iconfont='entypo-fontello'>Weiter<\/a><\/div><div class='avia-slideshow-dots avia-slideshow-controls'><a href='#1' class='goto-slide active' >1<\/a><a href='#2' class='goto-slide ' >2<\/a><a href='#3' class='goto-slide ' >3<\/a><a href='#4' class='goto-slide ' >4<\/a><a href='#5' class='goto-slide ' >5<\/a><\/div><\/div>\n<\/div><\/div><div class=\"flex_cell no_margin av_one_third  avia-builder-el-8  el_after_av_cell_one_third  avia-builder-el-last   \"  style='vertical-align:middle; padding:30px; ' ><div class='flex_cell_inner' ><div   data-size='medium'  data-lightbox_size='large'  data-animation='fade'  data-transition_speed='400'  data-conditional_play=''  data-ids='707,698'  data-video_counter='0'  data-autoplay='true'  data-bg_slider='false'  data-slide_height=''  data-handle='av_slideshow'  data-interval='5'  data-class=' avia-builder-el-9  avia-builder-el-no-sibling   avia-small-width-slider avia-super-small-width-slider'  data-el_id=''  data-css_id=''  data-scroll_down=''  data-control_layout='av-control-default'  data-custom_markup=''  data-perma_caption=''  data-autoplay_stopper=''  data-image_attachment=''  data-min_height='0px'  class='avia-slideshow avia-slideshow-3  av-control-default av-default-height-applied avia-slideshow-medium av_slideshow  avia-builder-el-9  avia-builder-el-no-sibling   avia-small-width-slider avia-super-small-width-slider avia-fade-slider '  itemprop=\"image\" itemscope=\"itemscope\" itemtype=\"https:\/\/schema.org\/ImageObject\" ><ul class='avia-slideshow-inner ' style='padding-bottom: 66.666666666667%;' ><li  class=' slide-1 ' ><div data-rel='slideshow-3' class='avia-slide-wrap '   ><img src='https:\/\/klein-reitstall-wernau.de\/wp-content\/uploads\/2023\/09\/Bild-077-300x200.jpg' width='300' height='200' title='Bild 077' alt=''  itemprop=\"thumbnailUrl\"   \/><\/div><\/li><li  class=' slide-2 ' ><div data-rel='slideshow-3' class='avia-slide-wrap '   ><img src='https:\/\/klein-reitstall-wernau.de\/wp-content\/uploads\/2023\/09\/Bild-067-300x200.jpg' width='300' height='200' title='Bild 067' alt=''  itemprop=\"thumbnailUrl\"   \/><\/div><\/li><\/ul><div class='avia-slideshow-arrows avia-slideshow-controls'><a href='#prev' class='prev-slide' aria-hidden='true' data-av_icon='\ue87c' data-av_iconfont='entypo-fontello'>Zur\u00fcck<\/a><a href='#next' class='next-slide' aria-hidden='true' data-av_icon='\ue87d' data-av_iconfont='entypo-fontello'>Weiter<\/a><\/div><div class='avia-slideshow-dots avia-slideshow-controls'><a href='#1' class='goto-slide active' >1<\/a><a href='#2' class='goto-slide ' >2<\/a><\/div><\/div>\n<\/div><\/div><\/div><div id='av_section_2'  class='avia-section main_color avia-section-large avia-no-border-styling  avia-bg-style-scroll  avia-builder-el-10  el_after_av_layout_row  el_before_av_section   av-arrow-down-section container_wrap sidebar_right' style=' '  ><div class='container' ><div class='template-page content  av-content-small alpha units'><div class='post-entry post-entry-type-page post-entry-63'><div class='entry-content-wrapper clearfix'>\n<div class='flex_column_table av-equal-height-column-flextable -flextable' ><div class=\"flex_column av_one_third  flex_column_table_cell av-equal-height-column av-align-middle av-zero-column-padding first  avia-builder-el-11  el_before_av_three_fifth  avia-builder-el-first  \" style='border-radius:0px; '><div  class='avia-image-container  av-styling-    avia-builder-el-12  avia-builder-el-no-sibling  avia-align-center '  itemprop=\"image\" itemscope=\"itemscope\" itemtype=\"https:\/\/schema.org\/ImageObject\"  ><div class='avia-image-container-inner'><div class='avia-image-overlay-wrap'><img class='avia_image' src='https:\/\/klein-reitstall-wernau.de\/wp-content\/uploads\/2020\/08\/Reiter_Transparent_Klein-300x295.png' alt='' title='Reiter_Transparent_Klein' height=\"295\" width=\"300\"  itemprop=\"thumbnailUrl\"  \/><\/div><\/div><\/div><\/div><div class='av-flex-placeholder'><\/div><div class=\"flex_column av_three_fifth  flex_column_table_cell av-equal-height-column av-align-middle   avia-builder-el-13  el_after_av_one_third  avia-builder-el-last  \" ><p><div  style='padding-bottom:10px; ' class='av-special-heading av-special-heading-h3  blockquote modern-quote  avia-builder-el-14  el_before_av_textblock  avia-builder-el-first  '><h3 class='av-special-heading-tag '  itemprop=\"headline\"  >Familie Klein<\/h3><div class ='av-subheading av-subheading_below  ' style='font-size:15px;'><p>Wir f\u00fcr das Wohl eurer Pferde!<\/p>\n<\/div><div class='special-heading-border'><div class='special-heading-inner-border' ><\/div><\/div><\/div><br \/>\n<section class=\"av_textblock_section \"  itemscope=\"itemscope\" itemtype=\"https:\/\/schema.org\/CreativeWork\" ><div class='avia_textblock  '   itemprop=\"text\" ><p>Unser privat gef\u00fchrter Reitstall wird von Thomas und Andrea Klein t\u00e4glich pers\u00f6nlich betreut.<br \/>\nUnsere Kinder Timm ( Landmaschinenmechatroniker &#8211; Meister und Landwirt) und Lena Studium Agrarbiologie) sind ebenfalls mit dabei.<\/p>\n<p>Wir ziehen als Familie alle an einem Strang und schaffen eine gute Atmosph\u00e4re f\u00fcr Pferd und Reiter.<\/p>\n<\/div><\/section><\/p><\/div><\/div><!--close column table wrapper. Autoclose: 1 --><\/div><\/div><\/div><!-- close content main div --><\/div><div class='av-extra-border-element border-extra-arrow-down'><div class='av-extra-border-outer'><div class='av-extra-border-inner'  style='background-color:#ffffff;' ><\/div><\/div><\/div><\/div><div id='av_section_3'  class='avia-section main_color avia-section-default avia-border-extra-arrow-down avia-no-border-styling  avia-bg-style-scroll  avia-builder-el-16  el_after_av_section  avia-builder-el-last   container_wrap sidebar_right' style='background-color: #eaeaea;  '  ><div class='container' ><div class='template-page content  av-content-small alpha units'><div class='post-entry post-entry-type-page post-entry-63'><div class='entry-content-wrapper clearfix'>\n<div class=\"flex_column av_one_fifth  flex_column_div first  avia-builder-el-17  el_before_av_one_fifth  avia-builder-el-first  \" ><div  class=\"avia-animated-number av-force-default-color  avia-color-  avia-builder-el-18  avia-builder-el-no-sibling  avia_animate_when_visible\"  data-timer=\"3000\"><strong class=\"heading avia-animated-number-title\" ><span class=\"avia-single-number __av-single-number\" data-number_format=\"\" data-number=\"1963\" data-start_from=\"0\">1963<\/span><span class='avia-animated-number-icon av-icon-after-number av-icon-char' aria-hidden='true' data-av_icon='\ue809' data-av_iconfont='entypo-fontello'><\/span><\/strong><div class='avia-animated-number-content' ><p>Betriebsgr\u00fcndung durch Christof &#038; Inge Klein<\/p>\n<\/div><\/div><\/div><div class=\"flex_column av_one_fifth  flex_column_div   avia-builder-el-19  el_after_av_one_fifth  el_before_av_one_fifth  \" ><div  class=\"avia-animated-number av-force-default-color  avia-color-  avia-builder-el-20  avia-builder-el-no-sibling  avia_animate_when_visible\"  data-timer=\"3000\"><strong class=\"heading avia-animated-number-title\" ><span class=\"avia-single-number __av-single-number\" data-number_format=\"\" data-number=\"1996\" data-start_from=\"0\">1996<\/span><span class='avia-animated-number-icon av-icon-after-number av-icon-char' aria-hidden='true' data-av_icon='\ue80b' data-av_iconfont='entypo-fontello'><\/span><\/strong><div class='avia-animated-number-content' ><p>\u00dcbernahme durch Thomas &#038; Andrea Klein<\/p>\n<\/div><\/div><\/div><div class=\"flex_column av_one_fifth  flex_column_div   avia-builder-el-21  el_after_av_one_fifth  el_before_av_one_fifth  \" ><div  class=\"avia-animated-number av-force-default-color  avia-color-  avia-builder-el-22  avia-builder-el-no-sibling  avia_animate_when_visible\"  data-timer=\"3000\"><strong class=\"heading avia-animated-number-title\" ><span class=\"avia-single-number __av-single-number\" data-number_format=\"\" data-number=\"80\" data-start_from=\"0\">80<\/span><span class='avia-animated-number-icon av-icon-after-number av-icon-char' aria-hidden='true' data-av_icon='\ue8b8' data-av_iconfont='entypo-fontello'><\/span><\/strong><div class='avia-animated-number-content' ><p>Hecktar Ackerland zur Futtergewinnung<\/p>\n<\/div><\/div><\/div><div class=\"flex_column av_one_fifth  flex_column_div   avia-builder-el-23  el_after_av_one_fifth  el_before_av_one_fifth  \" ><div  class=\"avia-animated-number av-force-default-color  avia-color-  avia-builder-el-24  avia-builder-el-no-sibling  avia_animate_when_visible\"  data-timer=\"3000\"><strong class=\"heading avia-animated-number-title\" ><span class=\"avia-single-number __av-single-number\" data-number_format=\"\" data-number=\"42\" data-start_from=\"1\">42<\/span><span class='avia-animated-number-icon av-icon-after-number av-icon-char' aria-hidden='true' data-av_icon='\ue807' data-av_iconfont='entypo-fontello'><\/span><\/strong><div class='avia-animated-number-content' ><p>Pferde stehen aktuell auf unserer Anlage<\/p>\n<\/div><\/div><\/div><div class=\"flex_column av_one_fifth  flex_column_div   avia-builder-el-25  el_after_av_one_fifth  avia-builder-el-last  \" ><div  class=\"avia-animated-number av-force-default-color  avia-color-  avia-builder-el-26  avia-builder-el-no-sibling  avia_animate_when_visible\"  data-timer=\"3000\"><strong class=\"heading avia-animated-number-title\" ><span class=\"avia-single-number __av-single-number\" data-number_format=\"\" data-number=\"700\" data-start_from=\"0\">700<\/span><span class='avia-animated-number-icon av-icon-after-number av-icon-char' aria-hidden='true' data-av_icon='\ue808' data-av_iconfont='entypo-fontello'><\/span><\/strong><div class='avia-animated-number-content' ><p>Schweine<\/p>\n<\/div><\/div><\/div><\/div><\/div><\/div><!-- close content main div --><\/div><\/div><div id='after_section_3'  class='main_color av_default_container_wrap container_wrap sidebar_right' style=' '  ><div class='container' ><div class='template-page content  av-content-small alpha units'><div class='post-entry post-entry-type-page post-entry-63'><div class='entry-content-wrapper clearfix'><\/p>\n","protected":false},"excerpt":{"rendered":"","protected":false},"author":1,"featured_media":0,"parent":0,"menu_order":0,"comment_status":"open","ping_status":"open","template":"","meta":{"footnotes":""},"class_list":["post-63","page","type-page","status-publish","hentry"],"_links":{"self":[{"href":"https:\/\/klein-reitstall-wernau.de\/index.php?rest_route=\/wp\/v2\/pages\/63","targetHints":{"allow":["GET"]}}],"collection":[{"href":"https:\/\/klein-reitstall-wernau.de\/index.php?rest_route=\/wp\/v2\/pages"}],"about":[{"href":"https:\/\/klein-reitstall-wernau.de\/index.php?rest_route=\/wp\/v2\/types\/page"}],"author":[{"embeddable":true,"href":"https:\/\/klein-reitstall-wernau.de\/index.php?rest_route=\/wp\/v2\/users\/1"}],"replies":[{"embeddable":true,"href":"https:\/\/klein-reitstall-wernau.de\/index.php?rest_route=%2Fwp%2Fv2%2Fcomments&post=63"}],"version-history":[{"count":12,"href":"https:\/\/klein-reitstall-wernau.de\/index.php?rest_route=\/wp\/v2\/pages\/63\/revisions"}],"predecessor-version":[{"id":708,"href":"https:\/\/klein-reitstall-wernau.de\/index.php?rest_route=\/wp\/v2\/pages\/63\/revisions\/708"}],"wp:attachment":[{"href":"https:\/\/klein-reitstall-wernau.de\/index.php?rest_route=%2Fwp%2Fv2%2Fmedia&parent=63"}],"curies":[{"name":"wp","href":"https:\/\/api.w.org\/{rel}","templated":true}]}}